{"id":6336,"date":"2023-05-23T19:57:16","date_gmt":"2023-05-23T14:27:16","guid":{"rendered":"https:\/\/fapm.wyb.ac.lk\/?page_id=6336"},"modified":"2025-04-21T12:26:33","modified_gmt":"2025-04-21T06:56:33","slug":"about-acptc","status":"publish","type":"page","link":"https:\/\/fapm.wyb.ac.lk\/?page_id=6336","title":{"rendered":"About ACPTC"},"content":{"rendered":"<p>[et_pb_section fb_built=&#8221;1&#8243; _builder_version=&#8221;4.16&#8243; _module_preset=&#8221;default&#8221; global_colors_info=&#8221;{}&#8221;][et_pb_row _builder_version=&#8221;4.16&#8243; _module_preset=&#8221;default&#8221; global_colors_info=&#8221;{}&#8221;][et_pb_column type=&#8221;4_4&#8243; _builder_version=&#8221;4.16&#8243; _module_preset=&#8221;default&#8221; global_colors_info=&#8221;{}&#8221;][et_pb_image src=&#8221;https:\/\/fapm.wyb.ac.lk\/wp-content\/uploads\/2023\/BT\/ACPTC_Course\/ACPTC_Course_Web_Banner.jpg&#8221; title_text=&#8221;ACPTC_Course_Web_Banner&#8221; _builder_version=&#8221;4.16&#8243; _module_preset=&#8221;default&#8221; custom_margin=&#8221;-70px||||false|false&#8221; animation_style=&#8221;fade&#8221; border_width_all=&#8221;1px&#8221; border_color_all=&#8221;#8B68EE&#8221; box_shadow_style=&#8221;preset1&#8243; box_shadow_color=&#8221;#8B68EE&#8221; global_colors_info=&#8221;{}&#8221;][\/et_pb_image][\/et_pb_column][\/et_pb_row][et_pb_row _builder_version=&#8221;4.16&#8243; _module_preset=&#8221;default&#8221; global_colors_info=&#8221;{}&#8221;][et_pb_column type=&#8221;4_4&#8243; _builder_version=&#8221;4.16&#8243; _module_preset=&#8221;default&#8221; global_colors_info=&#8221;{}&#8221;][et_pb_menu menu_id=&#8221;36&#8243; active_link_color=&#8221;#FFFFFF&#8221; _builder_version=&#8221;4.16&#8243; _module_preset=&#8221;default&#8221; menu_font=&#8221;|700|||||||&#8221; menu_text_color=&#8221;#000000&#8243; menu_font_size=&#8221;20px&#8221; use_background_color_gradient=&#8221;on&#8221; background_color_gradient_type=&#8221;circular&#8221; background_color_gradient_stops=&#8221;#625bef 30%|#17efae 100%&#8221; background_color_gradient_start=&#8221;#625bef&#8221; background_color_gradient_start_position=&#8221;30%&#8221; background_color_gradient_end=&#8221;#17efae&#8221; custom_margin=&#8221;-48px||||false|false&#8221; custom_padding=&#8221;10px|10px|10px|10px|false|false&#8221; animation_style=&#8221;zoom&#8221; border_width_all=&#8221;3px&#8221; border_color_all=&#8221;#1FE0BA&#8221; box_shadow_style=&#8221;preset1&#8243; box_shadow_color=&#8221;#5A64ED&#8221; global_colors_info=&#8221;{}&#8221;][\/et_pb_menu][\/et_pb_column][\/et_pb_row][et_pb_row column_structure=&#8221;1_2,1_2&#8243; _builder_version=&#8221;4.16&#8243; _module_preset=&#8221;default&#8221; global_colors_info=&#8221;{}&#8221;][et_pb_column type=&#8221;1_2&#8243; _builder_version=&#8221;4.16&#8243; _module_preset=&#8221;default&#8221; global_colors_info=&#8221;{}&#8221;][et_pb_text _builder_version=&#8221;4.16&#8243; _module_preset=&#8221;default&#8221; text_font=&#8221;Sinhala &#8211; 4u-malith|700|||||||&#8221; text_text_color=&#8221;#000000&#8243; text_font_size=&#8221;40px&#8221; text_line_height=&#8221;1.8em&#8221; header_font=&#8221;Sinhala &#8211; 4u-malith|800|||||||&#8221; header_text_align=&#8221;center&#8221; header_text_color=&#8221;#000000&#8243; header_font_size=&#8221;40px&#8221; header_line_height=&#8221;1.3em&#8221; animation_style=&#8221;bounce&#8221; text_text_shadow_style=&#8221;preset3&#8243; text_text_shadow_color=&#8221;#1FE089&#8243; global_colors_info=&#8221;{}&#8221;]<\/p>\n<h1 style=\"text-align: center;\"><strong>Ydl mgl frdamKh ms&lt;sn| Wiia iy;sl m;% mdGud,dj<\/strong><\/h1>\n<p>[\/et_pb_text][\/et_pb_column][et_pb_column type=&#8221;1_2&#8243; _builder_version=&#8221;4.16&#8243; _module_preset=&#8221;default&#8221; global_colors_info=&#8221;{}&#8221;][et_pb_text _builder_version=&#8221;4.21.0&#8243; _module_preset=&#8221;default&#8221; header_font=&#8221;|800|||||||&#8221; header_text_align=&#8221;center&#8221; header_text_color=&#8221;#000000&#8243; header_font_size=&#8221;40px&#8221; header_line_height=&#8221;1.3em&#8221; animation_style=&#8221;bounce&#8221; header_text_shadow_style=&#8221;preset3&#8243; header_text_shadow_color=&#8221;#1FE089&#8243; global_colors_info=&#8221;{}&#8221;]<\/p>\n<h1>Advanced Certificate in Plant Tissue Culture<\/h1>\n<p>[\/et_pb_text][\/et_pb_column][\/et_pb_row][et_pb_row column_structure=&#8221;1_2,1_2&#8243; _builder_version=&#8221;4.16&#8243; _module_preset=&#8221;default&#8221; global_colors_info=&#8221;{}&#8221;][et_pb_column type=&#8221;1_2&#8243; _builder_version=&#8221;4.16&#8243; _module_preset=&#8221;default&#8221; global_colors_info=&#8221;{}&#8221;][et_pb_text _builder_version=&#8221;4.16&#8243; _module_preset=&#8221;default&#8221; text_font=&#8221;Sinhala &#8211; 4u-malith|700|||||||&#8221; text_text_color=&#8221;#0400F0&#8243; text_font_size=&#8221;25px&#8221; animation_style=&#8221;slide&#8221; global_colors_info=&#8221;{}&#8221;]<\/p>\n<p><strong>mdGud,d jHqyh<\/strong><\/p>\n<p>[\/et_pb_text][et_pb_text _builder_version=&#8221;4.21.0&#8243; _module_preset=&#8221;default&#8221; text_font=&#8221;Sinhala &#8211; 4u-malith|700|||||||&#8221; text_text_color=&#8221;#032B35&#8243; text_font_size=&#8221;20px&#8221; custom_margin=&#8221;-15px||||false|false&#8221; custom_padding=&#8221;0px||||false|false&#8221; animation_style=&#8221;fade&#8221; global_colors_info=&#8221;{}&#8221;]<\/p>\n<ul>\n<li>Ydl mgl frdamKh ms&lt;sn| ye|ska\u00fau<\/li>\n<li>Ydl mgl frdamK m\u00dfirh<\/li>\n<li>Ydl mgl frdamK \u00faoHd.rhl uq,sl ie,eiau yd WmlrK<\/li>\n<li>\u00cbq\u00f8 m%pdrKh<\/li>\n<li>Ydl mgl frdamKh wdY%s; jHjidh ks\u00beudKh<\/li>\n<\/ul>\n<p>[\/et_pb_text][et_pb_text _builder_version=&#8221;4.16&#8243; _module_preset=&#8221;default&#8221; text_font=&#8221;Sinhala &#8211; 4u-malith|700|||||||&#8221; text_text_color=&#8221;#0400F0&#8243; text_font_size=&#8221;25px&#8221; animation_style=&#8221;slide&#8221; global_colors_info=&#8221;{}&#8221;]<\/p>\n<p><strong>b,lal ldKavdh\u00ef<\/strong><\/p>\n<p>[\/et_pb_text][et_pb_text _builder_version=&#8221;4.16&#8243; _module_preset=&#8221;default&#8221; text_font=&#8221;Sinhala &#8211; 4u-malith|700|||||||&#8221; text_text_color=&#8221;#032B35&#8243; text_font_size=&#8221;20px&#8221; custom_margin=&#8221;-15px||||false|false&#8221; custom_padding=&#8221;0px||||false|false&#8221; animation_style=&#8221;fade&#8221; global_colors_info=&#8221;{}&#8221;]<\/p>\n<ul>\n<li style=\"text-align: justify;\">jHjidhlhska rdcH yd fm!oa.,sl wxYfha jD;slhska lDIsl\u00beudka; f\u00cba;%fha kshqla;slhka iy wOHhk fmd\u00ff iy;sl m;% idudkH fm&lt; jrloS \u00faIhka myla iu;a wh<\/li>\n<\/ul>\n<p>[\/et_pb_text][et_pb_text _builder_version=&#8221;4.16&#8243; _module_preset=&#8221;default&#8221; text_font=&#8221;Sinhala &#8211; 4u-malith|700|||||||&#8221; text_text_color=&#8221;#0400F0&#8243; text_font_size=&#8221;25px&#8221; animation_style=&#8221;slide&#8221; global_colors_info=&#8221;{}&#8221;]<\/p>\n<p><strong>mdGud,d .dia;=<\/strong><\/p>\n<p>[\/et_pb_text][et_pb_text _builder_version=&#8221;4.21.0&#8243; _module_preset=&#8221;default&#8221; text_font=&#8221;Sinhala &#8211; 4u-malith|700|||||||&#8221; text_text_color=&#8221;#032B35&#8243; text_font_size=&#8221;20px&#8221; custom_margin=&#8221;-15px||||false|false&#8221; custom_padding=&#8221;0px||||false|false&#8221; animation_style=&#8221;fade&#8221; global_colors_info=&#8221;{}&#8221;]<\/p>\n<ul>\n<li>remsh,a 38000 ^i\u00efmq\u00beK uqo, ,shdmosx\u00d1 \u00f9f\u00efoS f.\u00fah hq;=hs&amp;<\/li>\n<li>wh\u00ff\u00efm;a ieliSf\u00ef .dia;=j remsh,a 500<\/li>\n<\/ul>\n<p>[\/et_pb_text][et_pb_text _builder_version=&#8221;4.16&#8243; _module_preset=&#8221;default&#8221; text_font=&#8221;Sinhala &#8211; 4u-malith|700|||||||&#8221; text_text_color=&#8221;#0400F0&#8243; text_font_size=&#8221;25px&#8221; animation_style=&#8221;slide&#8221; global_colors_info=&#8221;{}&#8221;]<\/p>\n<p><strong>udOHh<\/strong><\/p>\n<p>[\/et_pb_text][et_pb_text _builder_version=&#8221;4.16&#8243; _module_preset=&#8221;default&#8221; text_font=&#8221;Sinhala &#8211; 4u-malith|700|||||||&#8221; text_text_color=&#8221;#032B35&#8243; text_font_size=&#8221;20px&#8221; custom_margin=&#8221;-15px||||false|false&#8221; custom_padding=&#8221;0px||||false|false&#8221; animation_style=&#8221;fade&#8221; global_colors_info=&#8221;{}&#8221;]<\/p>\n<ul>\n<li>isxy, iy bx.%Sis<\/li>\n<\/ul>\n<p>[\/et_pb_text][et_pb_text _builder_version=&#8221;4.16&#8243; _module_preset=&#8221;default&#8221; text_font=&#8221;Sinhala &#8211; 4u-malith|700|||||||&#8221; text_text_color=&#8221;#0400F0&#8243; text_font_size=&#8221;25px&#8221; animation_style=&#8221;slide&#8221; global_colors_info=&#8221;{}&#8221;]<\/p>\n<p><strong>ld,iSudj<\/strong><\/p>\n<p>[\/et_pb_text][et_pb_text _builder_version=&#8221;4.21.0&#8243; _module_preset=&#8221;default&#8221; text_font=&#8221;Sinhala &#8211; 4u-malith|700|||||||&#8221; text_text_color=&#8221;#032B35&#8243; text_font_size=&#8221;20px&#8221; custom_margin=&#8221;-15px||||false|false&#8221; custom_padding=&#8221;0px||||false|false&#8221; animation_style=&#8221;fade&#8221; global_colors_info=&#8221;{}&#8221;]<\/p>\n<ul>\n<li>i;s 12 ls ^nodod miajre 5 isg 8 olajd iy fikiqrdod fmrjre 9 isg miajre 4 olajd&amp;<\/li>\n<\/ul>\n<p>[\/et_pb_text][et_pb_text _builder_version=&#8221;4.16&#8243; _module_preset=&#8221;default&#8221; text_font=&#8221;Sinhala &#8211; 4u-malith|700|||||||&#8221; text_text_color=&#8221;#0400F0&#8243; text_font_size=&#8221;25px&#8221; animation_style=&#8221;slide&#8221; global_colors_info=&#8221;{}&#8221;]<\/p>\n<p><strong>wh\u00ff\u00efm;a Ndr.kakd wjika \u00c8kh<\/strong><\/p>\n<p>[\/et_pb_text][et_pb_text _builder_version=&#8221;4.21.0&#8243; _module_preset=&#8221;default&#8221; text_font=&#8221;Sinhala &#8211; 4u-malith|700|||||||&#8221; text_text_color=&#8221;#032B35&#8243; text_font_size=&#8221;20px&#8221; custom_margin=&#8221;-15px||||false|false&#8221; custom_padding=&#8221;0px||||false|false&#8221; animation_style=&#8221;fade&#8221; hover_enabled=&#8221;0&#8243; global_colors_info=&#8221;{}&#8221; sticky_enabled=&#8221;0&#8243;]<\/p>\n<ul>\n<li>2025 wfma%,a ui 30<\/li>\n<li><span style=\"color: #3366ff;\">wh\u00ff\u00ef l, ms&lt;sfj,g iQ\u00a5iQl\u00ef iys; wh mdGud,dj yeoE\u00cdu i|yd f;dard .kq ,ef\u00ed<\/span><\/li>\n<\/ul>\n<p>[\/et_pb_text][et_pb_text _builder_version=&#8221;4.16&#8243; _module_preset=&#8221;default&#8221; text_font=&#8221;Sinhala &#8211; 4u-malith|700|||||||&#8221; text_text_color=&#8221;#C5310D&#8221; text_font_size=&#8221;25px&#8221; custom_padding=&#8221;20px||||false|false&#8221; animation_style=&#8221;bounce&#8221; global_colors_info=&#8221;{}&#8221;]<\/p>\n<p><strong>je\u00e4 \u00faia;r i|yd wu;kak<\/strong><\/p>\n<p>[\/et_pb_text][et_pb_text _builder_version=&#8221;4.21.0&#8243; _module_preset=&#8221;default&#8221; text_font=&#8221;Sinhala &#8211; 4u-malith|700|||||||&#8221; text_text_color=&#8221;#032B35&#8243; text_font_size=&#8221;20px&#8221; custom_margin=&#8221;-15px||||false|false&#8221; custom_padding=&#8221;0px||||false|false&#8221; animation_style=&#8221;fade&#8221; global_colors_info=&#8221;{}&#8221;]<\/p>\n<p><span style=\"color: #008000;\">wdpd\u00beh m%shxjod jrldf.dv<\/span><br \/><span style=\"color: #003300;\">f\u00caHIaG ld:sldpd\u00beh<\/span><br \/><span style=\"color: #003300;\"> ffcj;dlaIK wOHhk wxYh<\/span><br \/><span style=\"color: #003300;\"> lDIsl\u00beu yd je\u00fa,s l&lt;uKdlrK mSsGh<\/span><br \/><span style=\"color: #003300;\"> \u203a ,xld jhU \u00faYaj\u00faoHd,h<\/span><br \/><span style=\"color: #003300;\"> udl\u00aar m\u00dfY%h<\/span><\/p>\n<p><span style=\"color: #3366ff;\"><em>\u00ffrl:k wxlh 0718219967<\/em><\/span><\/p>\n<p>[\/et_pb_text][\/et_pb_column][et_pb_column type=&#8221;1_2&#8243; _builder_version=&#8221;4.16&#8243; _module_preset=&#8221;default&#8221; global_colors_info=&#8221;{}&#8221;][et_pb_text _builder_version=&#8221;4.16&#8243; _module_preset=&#8221;default&#8221; text_text_color=&#8221;#032B35&#8243; text_font_size=&#8221;16px&#8221; animation_style=&#8221;fade&#8221; global_colors_info=&#8221;{}&#8221;]<\/p>\n<p style=\"text-align: justify;\"><span style=\"color: #003300;\">Plant Tissue culture is an important tool for both basic and applied aspects of plant biotechnology as well as its commercial applications. As a set of techniques widely known for the production of large numbers of genetically identical plantlets, this technology exhibits several advantages over conventional propagation techniques. All techniques are skill-based and upon systematic learning, can equip a person to effectively utilize the techniques in various areas like basic research, environmental issues, and commercial applications. It is a valuable tool for research on morphogenesis, cell signaling, physiology, and molecular biology, as well as crop improvement by biotechnology.<\/span><\/p>\n<p style=\"text-align: justify;\"><span style=\"color: #003300;\">This short course offers comprehensive hands-on training for learning the basics with an insight into laboratory practices along with exposure to \u201clab-to-land\u201d transfers. The course will be a value-added course for advanced level (A\/L) science stream school teachers and technical college instructors; entrepreneurs who wish to establish their own labs; researchers in plant tissue culture focusing on commercial applications such as micropropagation, crop improvement, secondary metabolite production, <em>etc<\/em>. There is a big potential to develop this sector into a widespread income-generating business that provides more employment opportunities to the community.<\/span><\/p>\n<p>[\/et_pb_text][et_pb_text _builder_version=&#8221;4.16&#8243; _module_preset=&#8221;default&#8221; text_text_color=&#8221;#0038F0&#8243; header_text_color=&#8221;#0038F0&#8243; custom_padding=&#8221;10px||||false|false&#8221; animation_style=&#8221;slide&#8221; global_colors_info=&#8221;{}&#8221;]<\/p>\n<h3><span style=\"color: #0000ff;\"><strong>The Objective of the Course:<\/strong><\/span><\/h3>\n<p>[\/et_pb_text][et_pb_text _builder_version=&#8221;4.16&#8243; _module_preset=&#8221;default&#8221; text_font_size=&#8221;16px&#8221; custom_margin=&#8221;-20px||||false|false&#8221; custom_padding=&#8221;0px||||false|false&#8221; animation_style=&#8221;fade&#8221; global_colors_info=&#8221;{}&#8221;]<\/p>\n<p style=\"text-align: justify;\">The course aims to provide basic and applied training in plant tissue culture to develop skills for a successful career in entrepreneurship, generate technically trained human resources for tissue culture industries, and as instructors in schools and technical colleges.<\/p>\n<p>[\/et_pb_text][et_pb_text _builder_version=&#8221;4.16&#8243; _module_preset=&#8221;default&#8221; text_text_color=&#8221;#0038F0&#8243; header_text_color=&#8221;#0038F0&#8243; custom_padding=&#8221;10px||||false|false&#8221; animation_style=&#8221;slide&#8221; global_colors_info=&#8221;{}&#8221;]<\/p>\n<h3><span style=\"color: #0000ff;\"><strong>Target Group:<\/strong><\/span><\/h3>\n<p>[\/et_pb_text][et_pb_text _builder_version=&#8221;4.16&#8243; _module_preset=&#8221;default&#8221; text_font_size=&#8221;16px&#8221; custom_margin=&#8221;-20px||||false|false&#8221; custom_padding=&#8221;0px||||false|false&#8221; animation_style=&#8221;fade&#8221; global_colors_info=&#8221;{}&#8221;]<\/p>\n<p style=\"text-align: justify;\">Anybody who seeks to acquire fundamental, but essential, knowledge and improve hands-on skills in this specific field of learning.<\/p>\n<p>[\/et_pb_text][et_pb_text _builder_version=&#8221;4.16&#8243; _module_preset=&#8221;default&#8221; text_text_color=&#8221;#0038F0&#8243; header_text_color=&#8221;#0038F0&#8243; custom_padding=&#8221;10px||||false|false&#8221; animation_style=&#8221;slide&#8221; global_colors_info=&#8221;{}&#8221;]<\/p>\n<h3><span style=\"color: #0000ff;\"><strong>Duration of the Course:<\/strong><\/span><\/h3>\n<p>[\/et_pb_text][et_pb_text _builder_version=&#8221;4.21.0&#8243; _module_preset=&#8221;default&#8221; text_font_size=&#8221;16px&#8221; custom_margin=&#8221;-20px||||false|false&#8221; custom_padding=&#8221;0px||||false|false&#8221; animation_style=&#8221;fade&#8221; global_colors_info=&#8221;{}&#8221;]<\/p>\n<p style=\"text-align: justify;\">The 12-week course includes 111 direct learning hours characterized by 51 online theory hours and 60 practical hours.<\/p>\n<ul>\n<li style=\"text-align: justify;\">Contact hours on Wednesday evenings (5.00 p.m. &#8211; 8.00 p.m.) and Saturdays (9.00 a.m. &#8211; 4.00 p.m.)<\/li>\n<\/ul>\n<p>[\/et_pb_text][et_pb_text _builder_version=&#8221;4.16&#8243; _module_preset=&#8221;default&#8221; text_text_color=&#8221;#0038F0&#8243; header_text_color=&#8221;#0038F0&#8243; custom_padding=&#8221;10px||||false|false&#8221; animation_style=&#8221;slide&#8221; global_colors_info=&#8221;{}&#8221;]<\/p>\n<h3><span style=\"color: #0000ff;\"><strong>Course Fee:<\/strong><\/span><\/h3>\n<p>[\/et_pb_text][et_pb_text _builder_version=&#8221;4.21.0&#8243; _module_preset=&#8221;default&#8221; text_font_size=&#8221;16px&#8221; custom_margin=&#8221;-20px||||false|false&#8221; custom_padding=&#8221;0px||||false|false&#8221; animation_style=&#8221;fade&#8221; global_colors_info=&#8221;{}&#8221;]<\/p>\n<p style=\"text-align: justify;\">Rs. 38,000.00 (Full payment should be paid upon registration)<\/p>\n<p>[\/et_pb_text][et_pb_text _builder_version=&#8221;4.16&#8243; _module_preset=&#8221;default&#8221; text_text_color=&#8221;#0038F0&#8243; header_text_color=&#8221;#0038F0&#8243; custom_padding=&#8221;10px||||false|false&#8221; animation_style=&#8221;slide&#8221; global_colors_info=&#8221;{}&#8221;]<\/p>\n<h3><span style=\"color: #0000ff;\"><strong>Course Delivery Method:<\/strong><\/span><\/h3>\n<p>[\/et_pb_text][et_pb_text _builder_version=&#8221;4.16&#8243; _module_preset=&#8221;default&#8221; text_font_size=&#8221;16px&#8221; custom_margin=&#8221;-20px||||false|false&#8221; custom_padding=&#8221;0px||||false|false&#8221; animation_style=&#8221;fade&#8221; global_colors_info=&#8221;{}&#8221;]<\/p>\n<p style=\"text-align: justify;\">Online and laboratory-based (At the Tissue Culture Laboratory, Department of Biotechnology, Faculty of Agriculture and Plantation Management, Makandura, Gonawila)<\/p>\n<p>[\/et_pb_text][et_pb_text _builder_version=&#8221;4.16&#8243; _module_preset=&#8221;default&#8221; text_text_color=&#8221;#0038F0&#8243; header_text_color=&#8221;#0038F0&#8243; custom_padding=&#8221;10px||||false|false&#8221; animation_style=&#8221;slide&#8221; global_colors_info=&#8221;{}&#8221;]<\/p>\n<h3><span style=\"color: #0000ff;\"><strong>Entry Qualification:<\/strong><\/span><\/h3>\n<p>[\/et_pb_text][et_pb_text _builder_version=&#8221;4.16&#8243; _module_preset=&#8221;default&#8221; text_font_size=&#8221;16px&#8221; custom_margin=&#8221;-20px||||false|false&#8221; custom_padding=&#8221;0px||||false|false&#8221; animation_style=&#8221;fade&#8221; global_colors_info=&#8221;{}&#8221;]<\/p>\n<p style=\"text-align: justify;\">Five passes in one sitting of G.C.E. Ordinary Level (O\/L) or a minimum of 01-year working experience in a related field.<\/p>\n<p>[\/et_pb_text][\/et_pb_column][\/et_pb_row][et_pb_row _builder_version=&#8221;4.16&#8243; _module_preset=&#8221;default&#8221; global_colors_info=&#8221;{}&#8221;][et_pb_column type=&#8221;4_4&#8243; _builder_version=&#8221;4.16&#8243; _module_preset=&#8221;default&#8221; global_colors_info=&#8221;{}&#8221;][et_pb_image src=&#8221;https:\/\/fapm.wyb.ac.lk\/wp-content\/uploads\/2023\/BT\/ACPTC_Course\/ACPTC_FB_Bottom.jpg&#8221; title_text=&#8221;ACPTC_FB_Bottom&#8221; url=&#8221;https:\/\/www.facebook.com\/acptcwyb\/&#8221; url_new_window=&#8221;on&#8221; _builder_version=&#8221;4.16&#8243; _module_preset=&#8221;default&#8221; animation_style=&#8221;fade&#8221; global_colors_info=&#8221;{}&#8221;][\/et_pb_image][\/et_pb_column][\/et_pb_row][\/et_pb_section]<\/p>\n","protected":false},"excerpt":{"rendered":"<p>Ydl mgl frdamKh ms&lt;sn| Wiia iy;sl m;% mdGud,djAdvanced Certificate in Plant Tissue CulturemdGud,d jHqyh Ydl mgl frdamKh ms&lt;sn| ye|ska\u00fau Ydl mgl frdamK m\u00dfirh Ydl mgl frdamK \u00faoHd.rhl uq,sl ie,eiau yd WmlrK \u00cbq\u00f8 m%pdrKh Ydl mgl frdamKh wdY%s; jHjidh ks\u00beudKh b,lal ldKavdh\u00ef jHjidhlhska rdcH yd fm!oa.,sl wxYfha jD;slhska lDIsl\u00beudka; f\u00cba;%fha kshqla;slhka iy wOHhk fmd\u00ff iy;sl m;% [&hellip;]<\/p>\n","protected":false},"author":6,"featured_media":0,"parent":6314,"menu_order":1,"comment_status":"closed","ping_status":"closed","template":"","meta":{"_et_pb_use_builder":"on","_et_pb_old_content":"","_et_gb_content_width":"","_links_to":"","_links_to_target":""},"_links":{"self":[{"href":"https:\/\/fapm.wyb.ac.lk\/index.php?rest_route=\/wp\/v2\/pages\/6336"}],"collection":[{"href":"https:\/\/fapm.wyb.ac.lk\/index.php?rest_route=\/wp\/v2\/pages"}],"about":[{"href":"https:\/\/fapm.wyb.ac.lk\/index.php?rest_route=\/wp\/v2\/types\/page"}],"author":[{"embeddable":true,"href":"https:\/\/fapm.wyb.ac.lk\/index.php?rest_route=\/wp\/v2\/users\/6"}],"replies":[{"embeddable":true,"href":"https:\/\/fapm.wyb.ac.lk\/index.php?rest_route=%2Fwp%2Fv2%2Fcomments&post=6336"}],"version-history":[{"count":30,"href":"https:\/\/fapm.wyb.ac.lk\/index.php?rest_route=\/wp\/v2\/pages\/6336\/revisions"}],"predecessor-version":[{"id":7438,"href":"https:\/\/fapm.wyb.ac.lk\/index.php?rest_route=\/wp\/v2\/pages\/6336\/revisions\/7438"}],"up":[{"embeddable":true,"href":"https:\/\/fapm.wyb.ac.lk\/index.php?rest_route=\/wp\/v2\/pages\/6314"}],"wp:attachment":[{"href":"https:\/\/fapm.wyb.ac.lk\/index.php?rest_route=%2Fwp%2Fv2%2Fmedia&parent=6336"}],"curies":[{"name":"wp","href":"https:\/\/api.w.org\/{rel}","templated":true}]}}